{"id":465,"date":"2015-05-06T07:21:53","date_gmt":"2015-05-06T07:21:53","guid":{"rendered":"http:\/\/monecole.fr\/monB2i\/?page_id=465"},"modified":"2015-05-06T07:30:58","modified_gmt":"2015-05-06T07:30:58","slug":"mentions-legales","status":"publish","type":"page","link":"https:\/\/monecole.fr\/monB2i\/mentions-legales\/","title":{"rendered":"Mentions l\u00e9gales"},"content":{"rendered":"<p>Ce site \u00e0 destination des \u00e9l\u00e8ves de cycle 3 est cr\u00e9\u00e9 et administr\u00e9 par Lorin Walter, professeur des \u00e9coles.<br \/>\nH\u00e9berg\u00e9 par OVH et propuls\u00e9 par WordPress, il est librement utilisable par les enseignants dans le cadre de leur travail de classe.<br \/>\nAucune information ni identification n&rsquo;est demand\u00e9e aux utilisateurs. Seuls les enseignants ont acc\u00e8s, via leur adresse professionnelle, aux outils de validation.<\/p>\n<p style=\"text-align: center;\">&#8211; &#8211; &#8211; &#8211; &#8211; &#8211; &#8211; &#8211; &#8211; &#8211; &#8211; &#8211; &#8211; &#8211; &#8211; &#8211; &#8211; &#8211; &#8211; &#8211;<\/p>\n<p style=\"text-align: center;\"><strong>MOT DE PASSE <\/strong><em>(mission 6 &#8211; exercice 2)<\/em><\/p>\n<p style=\"text-align: center;\"><strong>123456789<\/strong><\/p>\n<p style=\"text-align: center;\">&#8211; &#8211; &#8211; &#8211; &#8211; &#8211; &#8211; &#8211; &#8211; &#8211; &#8211; &#8211; &#8211; &#8211; &#8211; &#8211; &#8211; &#8211; &#8211; &#8211;<\/p>\n","protected":false},"excerpt":{"rendered":"<p>Ce site \u00e0 destination des \u00e9l\u00e8ves de cycle 3 est cr\u00e9\u00e9 et administr\u00e9 par Lorin Walter, professeur des \u00e9coles. H\u00e9berg\u00e9 par OVH et propuls\u00e9 par WordPress, il est librement utilisable par les enseignants dans le cadre de leur travail de classe. Aucune information ni identification n&rsquo;est demand\u00e9e aux utilisateurs. Seuls les enseignants ont acc\u00e8s, via [&hellip;]<\/p>\n","protected":false},"author":2,"featured_media":0,"parent":0,"menu_order":0,"comment_status":"open","ping_status":"open","template":"","meta":{"footnotes":""},"class_list":["post-465","page","type-page","status-publish","hentry"],"jetpack_sharing_enabled":true,"_links":{"self":[{"href":"https:\/\/monecole.fr\/monB2i\/wp-json\/wp\/v2\/pages\/465","targetHints":{"allow":["GET"]}}],"collection":[{"href":"https:\/\/monecole.fr\/monB2i\/wp-json\/wp\/v2\/pages"}],"about":[{"href":"https:\/\/monecole.fr\/monB2i\/wp-json\/wp\/v2\/types\/page"}],"author":[{"embeddable":true,"href":"https:\/\/monecole.fr\/monB2i\/wp-json\/wp\/v2\/users\/2"}],"replies":[{"embeddable":true,"href":"https:\/\/monecole.fr\/monB2i\/wp-json\/wp\/v2\/comments?post=465"}],"version-history":[{"count":4,"href":"https:\/\/monecole.fr\/monB2i\/wp-json\/wp\/v2\/pages\/465\/revisions"}],"predecessor-version":[{"id":473,"href":"https:\/\/monecole.fr\/monB2i\/wp-json\/wp\/v2\/pages\/465\/revisions\/473"}],"wp:attachment":[{"href":"https:\/\/monecole.fr\/monB2i\/wp-json\/wp\/v2\/media?parent=465"}],"curies":[{"name":"wp","href":"https:\/\/api.w.org\/{rel}","templated":true}]}}