{"id":59,"date":"2015-04-05T22:56:11","date_gmt":"2015-04-05T22:56:11","guid":{"rendered":"http:\/\/monecole.fr\/monB2i\/?page_id=59"},"modified":"2018-08-28T20:22:13","modified_gmt":"2018-08-28T20:22:13","slug":"enseignant","status":"publish","type":"page","link":"https:\/\/monecole.fr\/monB2i\/enseignant\/","title":{"rendered":"Espace enseignant"},"content":{"rendered":"<fieldset>Le\u00a0principe<\/fieldset>\n<blockquote><p>&#8211;<\/p><\/blockquote>\n<p>Les missions B2i permettent\u00a0\u00a0aux \u00e9l\u00e8ves de cycle 3 de valider les items du B2i en r\u00e9alisant des missions en autonomie enti\u00e8rement en ligne.<\/p>\n<p>Munis d&rsquo;un livret de mission afin de suivre leur progressions, les \u00e9l\u00e8ves progressent \u00e0 leur rythme tout au long du cycle ou de l&rsquo;ann\u00e9e scolaire et selon 3 \u00e9tapes par mission :<\/p>\n<p style=\"text-align: center;\"><strong>&#8211; J&rsquo;apprends<\/strong><\/p>\n<p style=\"text-align: center;\"><strong>&#8211; Je m&rsquo;entra\u00eene<\/strong><\/p>\n<p style=\"text-align: center;\"><strong>&#8211; Je valide<\/strong><\/p>\n<p>Les supports num\u00e9riques permettent aux \u00e9l\u00e8ves de d\u00e9couvrir ou d&rsquo;approfondir\u00a0leurs connaissances puis de valider leurs comp\u00e9tences facilement. A chaque mission r\u00e9ussie correspond un mot de passe qu&rsquo;ils reportent sur leur livret de mission.<\/p>\n<p>Lorsque le livret est complet, il est valid\u00e9 par l&rsquo;enseignant et le brevet informatique est remis \u00e0 l&rsquo;\u00e9l\u00e8ve.<\/p>\n<fieldset>Les codes\u00a0(correction)<\/fieldset>\n<blockquote><p>&#8211;<\/p><\/blockquote>\n<p>Seuls les enseignants ont acc\u00e8s aux codes de validation pour corriger rapidement. Ceux-ci se trouvent dans un espace prot\u00e9g\u00e9. Si vous \u00eates\u00a0enseignant et que vous\u00a0disposez d&rsquo;une adresse acad\u00e9mique (celle de l&rsquo;\u00e9cole ou la votre individuelle), voici le formulaire \u00e0 utiliser pour recevoir les codes :<\/p>\n<p style=\"text-align: center;\">\u00a0Votre email professionnel :<\/p>\n<div><div class=\"wpforms-container wpforms-container-full\" id=\"wpforms-727\"><form id=\"wpforms-form-727\" class=\"wpforms-validate wpforms-form\" data-formid=\"727\" method=\"post\" enctype=\"multipart\/form-data\" action=\"\/monB2i\/wp-json\/wp\/v2\/pages\/59\" data-token=\"9ad00fbd1b53b82e94b5adcb4e03182e\" data-token-time=\"1775282266\"><noscript class=\"wpforms-error-noscript\">Veuillez activer JavaScript dans votre navigateur pour remplir ce formulaire.<\/noscript><div class=\"wpforms-field-container\"><div id=\"wpforms-727-field_1-container\" class=\"wpforms-field wpforms-field-text\" data-field-id=\"1\"><label class=\"wpforms-field-label\" for=\"wpforms-727-field_1\">Mail pro (d\u00e9but) <span class=\"wpforms-required-label\">*<\/span><\/label><input type=\"text\" id=\"wpforms-727-field_1\" class=\"wpforms-field-small wpforms-field-required\" name=\"wpforms[fields][1]\" required><\/div><div id=\"wpforms-727-field_2-container\" class=\"wpforms-field wpforms-field-select\" data-field-id=\"2\"><label class=\"wpforms-field-label\" for=\"wpforms-727-field_2\">Acad\u00e9mie (exemple @ac-lyon.fr) <span class=\"wpforms-required-label\">*<\/span><\/label><select id=\"wpforms-727-field_2\" class=\"wpforms-field-small wpforms-field-required\" name=\"wpforms[fields][2]\" required=\"required\"><option value=\"@ac-aix-marseille.fr\"  class=\"choice-1 depth-1\"  >@ac-aix-marseille.fr<\/option><option value=\"@ac-amiens.fr\"  class=\"choice-2 depth-1\"  >@ac-amiens.fr<\/option><option value=\"@ac-besancon.fr\"  class=\"choice-3 depth-1\"  >@ac-besancon.fr<\/option><option value=\"@ac-bordeaux.fr\"  class=\"choice-4 depth-1\"  >@ac-bordeaux.fr<\/option><option value=\"@ac-caen.fr\"  class=\"choice-5 depth-1\"  >@ac-caen.fr<\/option><option value=\"@ac-clermont.fr\"  class=\"choice-6 depth-1\"  >@ac-clermont.fr<\/option><option value=\"@ac-creteil.fr\"  class=\"choice-7 depth-1\"  >@ac-creteil.fr<\/option><option value=\"@ac-dijon.fr\"  class=\"choice-8 depth-1\"  >@ac-dijon.fr<\/option><option value=\"@ac-grenoble.fr\"  class=\"choice-9 depth-1\"  >@ac-grenoble.fr<\/option><option value=\"@ac-guadeloupe.fr\"  class=\"choice-10 depth-1\"  >@ac-guadeloupe.fr<\/option><option value=\"@ac-guyane.fr\"  class=\"choice-11 depth-1\"  >@ac-guyane.fr<\/option><option value=\"@ac-lille.fr\"  class=\"choice-12 depth-1\"  >@ac-lille.fr<\/option><option value=\"@ac-limoges.fr\"  class=\"choice-13 depth-1\"  >@ac-limoges.fr<\/option><option value=\"@ac-lyon.fr\"  class=\"choice-14 depth-1\"  >@ac-lyon.fr<\/option><option value=\"@ac-mayotte.fr\"  class=\"choice-15 depth-1\"  >@ac-mayotte.fr<\/option><option value=\"@ac-montpellier.fr\"  class=\"choice-16 depth-1\"  >@ac-montpellier.fr<\/option><option value=\"@ac-nancy-metz.fr\"  class=\"choice-17 depth-1\"  >@ac-nancy-metz.fr<\/option><option value=\"@ac-nantes.fr\"  class=\"choice-18 depth-1\"  >@ac-nantes.fr<\/option><option value=\"@ac-nice.fr\"  class=\"choice-19 depth-1\"  >@ac-nice.fr<\/option><option value=\"@ac-orleans-tours.fr\"  class=\"choice-20 depth-1\"  >@ac-orleans-tours.fr<\/option><option value=\"@ac-paris.fr\"  class=\"choice-21 depth-1\"  >@ac-paris.fr<\/option><option value=\"@ac-poitiers.fr\"  class=\"choice-22 depth-1\"  >@ac-poitiers.fr<\/option><option value=\"@ac-reims.fr\"  class=\"choice-23 depth-1\"  >@ac-reims.fr<\/option><option value=\"@ac-rennes.fr\"  class=\"choice-24 depth-1\"  >@ac-rennes.fr<\/option><option value=\"@ac-reunion.fr\"  class=\"choice-25 depth-1\"  >@ac-reunion.fr<\/option><option value=\"@ac-rouen.fr\"  class=\"choice-26 depth-1\"  >@ac-rouen.fr<\/option><option value=\"@ac-strasbourg.fr\"  class=\"choice-27 depth-1\"  >@ac-strasbourg.fr<\/option><option value=\"@ac-toulouse.fr\"  class=\"choice-28 depth-1\"  >@ac-toulouse.fr<\/option><option value=\"@ac-versailles.fr\"  class=\"choice-29 depth-1\"  >@ac-versailles.fr<\/option><\/select><\/div><\/div><!-- .wpforms-field-container --><div class=\"wpforms-field wpforms-field-hp\"><label for=\"wpforms-727-field-hp\" class=\"wpforms-field-label\">Website<\/label><input type=\"text\" name=\"wpforms[hp]\" id=\"wpforms-727-field-hp\" class=\"wpforms-field-medium\"><\/div><div class=\"wpforms-submit-container\" ><input type=\"hidden\" name=\"wpforms[id]\" value=\"727\"><input type=\"hidden\" name=\"page_title\" value=\"\"><input type=\"hidden\" name=\"page_url\" value=\"https:\/\/monecole.fr\/monB2i\/wp-json\/wp\/v2\/pages\/59\"><input type=\"hidden\" name=\"url_referer\" value=\"\"><button type=\"submit\" name=\"wpforms[submit]\" id=\"wpforms-submit-727\" class=\"wpforms-submit\" data-alt-text=\"Envoi en cours...\" data-submit-text=\"Envoyer\" aria-live=\"assertive\" value=\"wpforms-submit\">Envoyer<\/button><\/div><\/form><\/div>  <!-- .wpforms-container --><\/div>\n<p><em>Si si vous \u00eates enseignant \u00e0 l&rsquo;\u00e9tranger ou que n&rsquo;avez pas la possibilit\u00e9 d&rsquo;utiliser votre adresse acad\u00e9mique, reportez vous sur le\u00a0<strong><a href=\"http:\/\/monecole.fr\/monB2i\/formulaire-bis-demande-de-codes\/\">formulaire manuel ici<\/a><\/strong><\/em><\/p>\n<fieldset>Le fichier mission<\/fieldset>\n<blockquote><p>&#8211;<\/p><\/blockquote>\n<p style=\"text-align: center;\"><a href=\"http:\/\/monecole.fr\/monB2i\/wp-content\/uploads\/2015\/04\/mission-B2i-en-ligne1.pdf\" target=\"_blank\" rel=\"noopener noreferrer\"><strong>T\u00e9l\u00e9charger le livret de mission\u00a0\u00a0<\/strong><\/a><\/p>\n<p style=\"text-align: center;\"><a href=\"http:\/\/monecole.fr\/monB2i\/wp-content\/uploads\/2015\/04\/mission-B2i-en-ligne1.pdf\" target=\"_blank\" rel=\"noopener noreferrer\"><img loading=\"lazy\" decoding=\"async\" class=\" wp-image-661 aligncenter\" src=\"http:\/\/monecole.fr\/monB2i\/wp-content\/uploads\/2015\/04\/missionB2icover.jpg\" alt=\"missionB2icover\" width=\"292\" height=\"303\" srcset=\"https:\/\/monecole.fr\/monB2i\/wp-content\/uploads\/2015\/04\/missionB2icover.jpg 499w, https:\/\/monecole.fr\/monB2i\/wp-content\/uploads\/2015\/04\/missionB2icover-289x300.jpg 289w\" sizes=\"auto, (max-width: 292px) 100vw, 292px\" \/><\/a><\/p>\n","protected":false},"excerpt":{"rendered":"<p>Le\u00a0principe &#8211; Les missions B2i permettent\u00a0\u00a0aux \u00e9l\u00e8ves de cycle 3 de valider les items du B2i en r\u00e9alisant des missions en autonomie enti\u00e8rement en ligne. Munis d&rsquo;un livret de mission afin de suivre leur progressions, les \u00e9l\u00e8ves progressent \u00e0 leur rythme tout au long du cycle ou de l&rsquo;ann\u00e9e scolaire et selon 3 \u00e9tapes par [&hellip;]<\/p>\n","protected":false},"author":2,"featured_media":0,"parent":0,"menu_order":0,"comment_status":"open","ping_status":"open","template":"","meta":{"footnotes":""},"class_list":["post-59","page","type-page","status-publish","hentry"],"jetpack_sharing_enabled":true,"_links":{"self":[{"href":"https:\/\/monecole.fr\/monB2i\/wp-json\/wp\/v2\/pages\/59","targetHints":{"allow":["GET"]}}],"collection":[{"href":"https:\/\/monecole.fr\/monB2i\/wp-json\/wp\/v2\/pages"}],"about":[{"href":"https:\/\/monecole.fr\/monB2i\/wp-json\/wp\/v2\/types\/page"}],"author":[{"embeddable":true,"href":"https:\/\/monecole.fr\/monB2i\/wp-json\/wp\/v2\/users\/2"}],"replies":[{"embeddable":true,"href":"https:\/\/monecole.fr\/monB2i\/wp-json\/wp\/v2\/comments?post=59"}],"version-history":[{"count":14,"href":"https:\/\/monecole.fr\/monB2i\/wp-json\/wp\/v2\/pages\/59\/revisions"}],"predecessor-version":[{"id":729,"href":"https:\/\/monecole.fr\/monB2i\/wp-json\/wp\/v2\/pages\/59\/revisions\/729"}],"wp:attachment":[{"href":"https:\/\/monecole.fr\/monB2i\/wp-json\/wp\/v2\/media?parent=59"}],"curies":[{"name":"wp","href":"https:\/\/api.w.org\/{rel}","templated":true}]}}